{"id":468,"date":"2024-06-08T23:03:45","date_gmt":"2024-06-08T21:03:45","guid":{"rendered":"https:\/\/angledor.fr\/?page_id=468"},"modified":"2024-06-09T10:47:27","modified_gmt":"2024-06-09T08:47:27","slug":"panier","status":"publish","type":"page","link":"https:\/\/angledor.fr\/index.php\/panier\/","title":{"rendered":"Panier"},"content":{"rendered":"\t\t<div data-elementor-type=\"wp-page\" data-elementor-id=\"468\" class=\"elementor elementor-468\">\n\t\t\t\t\t\t<section class=\"elementor-section elementor-top-section elementor-element elementor-element-504f945 elementor-section-full_width elementor-section-stretched elementor-section-height-default elementor-section-height-default wpr-particle-no wpr-jarallax-no wpr-parallax-no wpr-sticky-section-no\" data-id=\"504f945\" data-element_type=\"section\" data-settings=\"{&quot;background_background&quot;:&quot;classic&quot;,&quot;stretch_section&quot;:&quot;section-stretched&quot;}\">\n\t\t\t\t\t\t\t<div class=\"elementor-background-overlay\"><\/div>\n\t\t\t\t\t\t\t<div class=\"elementor-container elementor-column-gap-default\">\n\t\t\t\t\t<div class=\"elementor-column elementor-col-100 elementor-top-column elementor-element elementor-element-2a817513\" data-id=\"2a817513\" data-element_type=\"column\">\n\t\t\t<div class=\"elementor-widget-wrap elementor-element-populated\">\n\t\t\t\t\t\t<div class=\"elementor-element elementor-element-f639caf elementor-widget elementor-widget-heading\" data-id=\"f639caf\" data-element_type=\"widget\" data-widget_type=\"heading.default\">\n\t\t\t\t<div class=\"elementor-widget-container\">\n\t\t\t<h2 class=\"elementor-heading-title elementor-size-default\">Votre Panier<\/h2>\t\t<\/div>\n\t\t\t\t<\/div>\n\t\t\t\t<div class=\"elementor-element elementor-element-364c3b9d elementor-widget elementor-widget-spacer\" data-id=\"364c3b9d\" data-element_type=\"widget\" data-widget_type=\"spacer.default\">\n\t\t\t\t<div class=\"elementor-widget-container\">\n\t\t\t\t\t<div class=\"elementor-spacer\">\n\t\t\t<div class=\"elementor-spacer-inner\"><\/div>\n\t\t<\/div>\n\t\t\t\t<\/div>\n\t\t\t\t<\/div>\n\t\t\t\t\t<\/div>\n\t\t<\/div>\n\t\t\t\t\t<\/div>\n\t\t<\/section>\n\t\t<div class=\"elementor-element elementor-element-1026105 e-flex e-con-boxed wpr-particle-no wpr-jarallax-no wpr-parallax-no wpr-sticky-section-no e-con e-parent\" data-id=\"1026105\" data-element_type=\"container\">\n\t\t\t\t\t<div class=\"e-con-inner\">\n\t\t\t\t<div class=\"elementor-element elementor-element-21629c0 elementor-widget elementor-widget-spacer\" data-id=\"21629c0\" data-element_type=\"widget\" data-widget_type=\"spacer.default\">\n\t\t\t\t<div class=\"elementor-widget-container\">\n\t\t\t\t\t<div class=\"elementor-spacer\">\n\t\t\t<div class=\"elementor-spacer-inner\"><\/div>\n\t\t<\/div>\n\t\t\t\t<\/div>\n\t\t\t\t<\/div>\n\t\t\t\t\t<\/div>\n\t\t\t\t<\/div>\n\t\t\t\t<\/div>\n\t\t","protected":false},"excerpt":{"rendered":"<p>Menu Acceuil Contactez nous Shop Mon compte Se d\u00e9connecter Boutique Votre Panier &nbsp; Produit &nbsp; Prix Quantit\u00e9 Sous-total Tee-shirt Angle d&rsquo;Or &#8211; S 25,00&nbsp;&euro; quantit\u00e9 de Tee-shirt Angle d&#039;Or &#8211; S 25,00&nbsp;&euro; Tee-shirt Angle d&rsquo;Or &#8211; L 25,00&nbsp;&euro; quantit\u00e9 de Tee-shirt Angle d&#039;Or &#8211; L 100,00&nbsp;&euro; Tee-shirt Angle d&rsquo;Or &#8211; M 25,00&nbsp;&euro; quantit\u00e9 de Tee-shirt Angle d&#039;Or &#8211; M 25,00&nbsp;&euro; Mettre \u00e0 jour Apply coupon Total de votre commande Sous-total 150,00&nbsp;&euro; Total 150,00&nbsp;&euro; Valider<\/p>\n","protected":false},"author":1,"featured_media":0,"parent":0,"menu_order":0,"comment_status":"closed","ping_status":"closed","template":"","meta":{"footnotes":""},"class_list":["post-468","page","type-page","status-publish","hentry"],"yoast_head":"<!-- This site is optimized with the Yoast SEO plugin v24.4 - https:\/\/yoast.com\/wordpress\/plugins\/seo\/ -->\n<title>Panier - Angle d&#039;Or Moto Club<\/title>\n<meta name=\"robots\" content=\"index, follow, max-snippet:-1, max-image-preview:large, max-video-preview:-1\" \/>\n<link rel=\"canonical\" href=\"https:\/\/angledor.fr\/index.php\/panier\/\" \/>\n<meta property=\"og:locale\" content=\"fr_FR\" \/>\n<meta property=\"og:type\" content=\"article\" \/>\n<meta property=\"og:title\" content=\"Panier - Angle d&#039;Or Moto Club\" \/>\n<meta property=\"og:description\" content=\"Menu Acceuil Contactez nous Shop Mon compte Se d\u00e9connecter Boutique Votre Panier &nbsp; Produit &nbsp; Prix Quantit\u00e9 Sous-total Tee-shirt Angle d&rsquo;Or &#8211; S 25,00&nbsp;&euro; quantit\u00e9 de Tee-shirt Angle d&#039;Or &#8211; S 25,00&nbsp;&euro; Tee-shirt Angle d&rsquo;Or &#8211; L 25,00&nbsp;&euro; quantit\u00e9 de Tee-shirt Angle d&#039;Or &#8211; L 100,00&nbsp;&euro; Tee-shirt Angle d&rsquo;Or &#8211; M 25,00&nbsp;&euro; quantit\u00e9 de Tee-shirt Angle d&#039;Or &#8211; M 25,00&nbsp;&euro; Mettre \u00e0 jour Apply coupon Total de votre commande Sous-total 150,00&nbsp;&euro; Total 150,00&nbsp;&euro; Valider\" \/>\n<meta property=\"og:url\" content=\"https:\/\/angledor.fr\/index.php\/panier\/\" \/>\n<meta property=\"og:site_name\" content=\"Angle d&#039;Or Moto Club\" \/>\n<meta property=\"article:modified_time\" content=\"2024-06-09T08:47:27+00:00\" \/>\n<meta property=\"og:image\" content=\"https:\/\/angledor.fr\/wp-content\/uploads\/2024\/06\/1284-FrontImage-white-300x300.png\" \/>\n<meta name=\"twitter:card\" content=\"summary_large_image\" \/>\n<script type=\"application\/ld+json\" class=\"yoast-schema-graph\">{\"@context\":\"https:\/\/schema.org\",\"@graph\":[{\"@type\":\"WebPage\",\"@id\":\"https:\/\/angledor.fr\/index.php\/panier\/\",\"url\":\"https:\/\/angledor.fr\/index.php\/panier\/\",\"name\":\"Panier - Angle d&#039;Or Moto Club\",\"isPartOf\":{\"@id\":\"https:\/\/angledor.fr\/#website\"},\"primaryImageOfPage\":{\"@id\":\"https:\/\/angledor.fr\/index.php\/panier\/#primaryimage\"},\"image\":{\"@id\":\"https:\/\/angledor.fr\/index.php\/panier\/#primaryimage\"},\"thumbnailUrl\":\"https:\/\/angledor.fr\/wp-content\/uploads\/2024\/06\/1284-FrontImage-white-300x300.png\",\"datePublished\":\"2024-06-08T21:03:45+00:00\",\"dateModified\":\"2024-06-09T08:47:27+00:00\",\"breadcrumb\":{\"@id\":\"https:\/\/angledor.fr\/index.php\/panier\/#breadcrumb\"},\"inLanguage\":\"fr-FR\",\"potentialAction\":[{\"@type\":\"ReadAction\",\"target\":[\"https:\/\/angledor.fr\/index.php\/panier\/\"]}]},{\"@type\":\"ImageObject\",\"inLanguage\":\"fr-FR\",\"@id\":\"https:\/\/angledor.fr\/index.php\/panier\/#primaryimage\",\"url\":\"https:\/\/angledor.fr\/wp-content\/uploads\/2024\/06\/1284-FrontImage-white.png\",\"contentUrl\":\"https:\/\/angledor.fr\/wp-content\/uploads\/2024\/06\/1284-FrontImage-white.png\",\"width\":915,\"height\":1050},{\"@type\":\"BreadcrumbList\",\"@id\":\"https:\/\/angledor.fr\/index.php\/panier\/#breadcrumb\",\"itemListElement\":[{\"@type\":\"ListItem\",\"position\":1,\"name\":\"Accueil\",\"item\":\"https:\/\/angledor.fr\/\"},{\"@type\":\"ListItem\",\"position\":2,\"name\":\"Panier\"}]},{\"@type\":\"WebSite\",\"@id\":\"https:\/\/angledor.fr\/#website\",\"url\":\"https:\/\/angledor.fr\/\",\"name\":\"Angle d&#039;Or Moto Club\",\"description\":\"Asso Motard Romanaise\",\"potentialAction\":[{\"@type\":\"SearchAction\",\"target\":{\"@type\":\"EntryPoint\",\"urlTemplate\":\"https:\/\/angledor.fr\/?s={search_term_string}\"},\"query-input\":{\"@type\":\"PropertyValueSpecification\",\"valueRequired\":true,\"valueName\":\"search_term_string\"}}],\"inLanguage\":\"fr-FR\"}]}<\/script>\n<!-- \/ Yoast SEO plugin. -->","yoast_head_json":{"title":"Panier - Angle d&#039;Or Moto Club","robots":{"index":"index","follow":"follow","max-snippet":"max-snippet:-1","max-image-preview":"max-image-preview:large","max-video-preview":"max-video-preview:-1"},"canonical":"https:\/\/angledor.fr\/index.php\/panier\/","og_locale":"fr_FR","og_type":"article","og_title":"Panier - Angle d&#039;Or Moto Club","og_description":"Menu Acceuil Contactez nous Shop Mon compte Se d\u00e9connecter Boutique Votre Panier &nbsp; Produit &nbsp; Prix Quantit\u00e9 Sous-total Tee-shirt Angle d&rsquo;Or &#8211; S 25,00&nbsp;&euro; quantit\u00e9 de Tee-shirt Angle d&#039;Or &#8211; S 25,00&nbsp;&euro; Tee-shirt Angle d&rsquo;Or &#8211; L 25,00&nbsp;&euro; quantit\u00e9 de Tee-shirt Angle d&#039;Or &#8211; L 100,00&nbsp;&euro; Tee-shirt Angle d&rsquo;Or &#8211; M 25,00&nbsp;&euro; quantit\u00e9 de Tee-shirt Angle d&#039;Or &#8211; M 25,00&nbsp;&euro; Mettre \u00e0 jour Apply coupon Total de votre commande Sous-total 150,00&nbsp;&euro; Total 150,00&nbsp;&euro; Valider","og_url":"https:\/\/angledor.fr\/index.php\/panier\/","og_site_name":"Angle d&#039;Or Moto Club","article_modified_time":"2024-06-09T08:47:27+00:00","og_image":[{"url":"https:\/\/angledor.fr\/wp-content\/uploads\/2024\/06\/1284-FrontImage-white-300x300.png","type":"","width":"","height":""}],"twitter_card":"summary_large_image","schema":{"@context":"https:\/\/schema.org","@graph":[{"@type":"WebPage","@id":"https:\/\/angledor.fr\/index.php\/panier\/","url":"https:\/\/angledor.fr\/index.php\/panier\/","name":"Panier - Angle d&#039;Or Moto Club","isPartOf":{"@id":"https:\/\/angledor.fr\/#website"},"primaryImageOfPage":{"@id":"https:\/\/angledor.fr\/index.php\/panier\/#primaryimage"},"image":{"@id":"https:\/\/angledor.fr\/index.php\/panier\/#primaryimage"},"thumbnailUrl":"https:\/\/angledor.fr\/wp-content\/uploads\/2024\/06\/1284-FrontImage-white-300x300.png","datePublished":"2024-06-08T21:03:45+00:00","dateModified":"2024-06-09T08:47:27+00:00","breadcrumb":{"@id":"https:\/\/angledor.fr\/index.php\/panier\/#breadcrumb"},"inLanguage":"fr-FR","potentialAction":[{"@type":"ReadAction","target":["https:\/\/angledor.fr\/index.php\/panier\/"]}]},{"@type":"ImageObject","inLanguage":"fr-FR","@id":"https:\/\/angledor.fr\/index.php\/panier\/#primaryimage","url":"https:\/\/angledor.fr\/wp-content\/uploads\/2024\/06\/1284-FrontImage-white.png","contentUrl":"https:\/\/angledor.fr\/wp-content\/uploads\/2024\/06\/1284-FrontImage-white.png","width":915,"height":1050},{"@type":"BreadcrumbList","@id":"https:\/\/angledor.fr\/index.php\/panier\/#breadcrumb","itemListElement":[{"@type":"ListItem","position":1,"name":"Accueil","item":"https:\/\/angledor.fr\/"},{"@type":"ListItem","position":2,"name":"Panier"}]},{"@type":"WebSite","@id":"https:\/\/angledor.fr\/#website","url":"https:\/\/angledor.fr\/","name":"Angle d&#039;Or Moto Club","description":"Asso Motard Romanaise","potentialAction":[{"@type":"SearchAction","target":{"@type":"EntryPoint","urlTemplate":"https:\/\/angledor.fr\/?s={search_term_string}"},"query-input":{"@type":"PropertyValueSpecification","valueRequired":true,"valueName":"search_term_string"}}],"inLanguage":"fr-FR"}]}},"_links":{"self":[{"href":"https:\/\/angledor.fr\/index.php\/wp-json\/wp\/v2\/pages\/468","targetHints":{"allow":["GET"]}}],"collection":[{"href":"https:\/\/angledor.fr\/index.php\/wp-json\/wp\/v2\/pages"}],"about":[{"href":"https:\/\/angledor.fr\/index.php\/wp-json\/wp\/v2\/types\/page"}],"author":[{"embeddable":true,"href":"https:\/\/angledor.fr\/index.php\/wp-json\/wp\/v2\/users\/1"}],"replies":[{"embeddable":true,"href":"https:\/\/angledor.fr\/index.php\/wp-json\/wp\/v2\/comments?post=468"}],"version-history":[{"count":29,"href":"https:\/\/angledor.fr\/index.php\/wp-json\/wp\/v2\/pages\/468\/revisions"}],"predecessor-version":[{"id":568,"href":"https:\/\/angledor.fr\/index.php\/wp-json\/wp\/v2\/pages\/468\/revisions\/568"}],"wp:attachment":[{"href":"https:\/\/angledor.fr\/index.php\/wp-json\/wp\/v2\/media?parent=468"}],"curies":[{"name":"wp","href":"https:\/\/api.w.org\/{rel}","templated":true}]}}